{"id":12,"date":"2023-10-26T14:26:42","date_gmt":"2023-10-26T14:26:42","guid":{"rendered":"http:\/\/www.srv61794.seohost.com.pl\/?page_id=12"},"modified":"2023-10-29T18:30:57","modified_gmt":"2023-10-29T18:30:57","slug":"strona-glowna","status":"publish","type":"page","link":"https:\/\/www.terapeutka.org\/","title":{"rendered":"Strona g\u0142\u00f3wna"},"content":{"rendered":"\n<p>PSYCHOTERAPIA<br>Je\u015bli w Twoim najbli\u017cszym otoczeniu zbyt cz\u0119sto s\u0142yszysz zwyczajowe \u201ewszystko b\u0119dzie dobrze\u201d, a<br>mimo up\u0142ywaj\u0105cego czasu, w Twojej opinii nic si\u0119 nie zmienia.<br>Je\u017celi dra\u017cni Ci\u0119 ci\u0105g\u0142e \u201ewe\u017a si\u0119 w gar\u015b\u0107\u201d ze strony bliskich, to podj\u0119cie Psychoterapii Indywidualnej<br>mo\u017ce by\u0107 dla Ciebie najlepszym rozwi\u0105zaniem.<br>Psychoterapia Indywidualna skupia si\u0119 na rozwijaniu coraz lepszych umiej\u0119tno\u015bci radzenia sobie w<br>sytuacjach trudnych i kryzysowych, rozwi\u0105zywaniu swoich problem\u00f3w w \u017cyciu prywatnym i<br>zawodowym, a przede wszystkim, na coraz lepszym i g\u0142\u0119bszym poznawaniu samego siebie i<br>rozeznaniu si\u0119 w tym, co tak naprawd\u0119 czyni Ci\u0119 szcz\u0119\u015bliwym.<\/p>\n\n\n\n<p>LECZENIE UZALE\u017bNIE\u0143<br>Uzale\u017cnienie jest powa\u017cnym zaburzeniem, kt\u00f3re ma ogromnie negatywny wp\u0142yw na \u017cycie cz\u0142owieka<br>i zdecydowanie pogarsza jego jako\u015b\u0107 oraz funkcjonowanie w \u017cyciu rodzinnym, spo\u0142ecznym i<br>zawodowym.<br>Jest to choroba przewlek\u0142a, kt\u00f3ra mo\u017ce prowadzi\u0107 w efekcie braku fachowej pomocy specjalisty, do<br>\u015bmierci.<br>Nie ma idealnej metody, magicznej pigu\u0142ki ani cudownej mocy, kt\u00f3ra pomog\u0142aby ka\u017cdemu, bez<br>wyj\u0105tku, wyj\u015b\u0107 z uzale\u017cnienia.<br>Indywidualne spotkania ze specjalist\u0105 leczenia uzale\u017cnie\u0144, mog\u0105 okaza\u0107 si\u0119 kluczowym elementem<br>zdrowienia.<br>Terapia uzale\u017cnie\u0144 jest procesem d\u0142ugotrwa\u0142ym i wymagaj\u0105cym samodyscypliny oraz zaanga\u017cowania.<br>\u201eZawsze masz mo\u017cno\u015b\u0107 \u017cy\u0107 szcz\u0119\u015bliwie, je\u015bli p\u00f3jdziesz dobr\u0105 drog\u0105\u2026\u201d Marek Aureliusz<\/p>\n\n\n\n<p>&lt; KONSULTACJE<br>&lt;INTERWENCJA KRYZYSOWA<br>&lt;PSYCHOTERAPIA<br>&lt;RADZENIE SOBIE ZE STRESEM<br>\uf0d8 Depresja, Smutek, Przygn\u0119bienie, Apatia<br>\uf0d8 L\u0119k, Niepok\u00f3j, Napi\u0119cie<br>\uf0d8 Frustracja, Wyczerpanie, Mobbing w pracy.<\/p>\n\n\n\n<p>&lt;LECZENIE i PROFILAKTYKA oraz ZAPOBIEGANIE UZALE\u017bNIENIOM<br>\uf0d8 Edukacja prozdrowotna m\u0142odzie\u017cy,<br>\uf0d8 Edukacja prozdrowotna doros\u0142ych,<br>\uf0d8 Terapia uzale\u017cnie\u0144,<br>\uf0d8 Wsp\u00f3\u0142uzale\u017cnienia.<br>\u2026\u2026\u2026\u2026\u2026\u2026\u2026\u2026\u2026\u2026\u2026\u2026\u2026\u2026\u2026\u2026\u2026\u2026\u2026\u2026\u2026\u2026\u2026\u2026\u2026\u2026\u2026\u2026\u2026\u2026\u2026\u2026\u2026\u2026\u2026\u2026\u2026\u2026\u2026\u2026\u2026\u2026\u2026\u2026\u2026\u2026\u2026\u2026\u2026\u2026\u2026\u2026\u2026\u2026\u2026\u2026\u2026\u2026\u2026\u2026\u2026\u2026\u2026\u2026\u2026.<br>Gabinet Psychoterapii www.terapeutka.org<br>i Leczenia Uzale\u017cnie\u0144 sylwiamakal@terapeutka.org<br>ul. Niepodleg\u0142o\u015bci 17 tel. 728&nbsp;918&nbsp;720<br>41-200 Sosnowiec<br>J\u0119zyki w jakich prowadz\u0119 psychoterapi\u0119 to Polski oraz W\u0142oski<\/p>\n","protected":false},"excerpt":{"rendered":"<p>PSYCHOTERAPIAJe\u015bli w Twoim najbli\u017cszym otoczeniu zbyt cz\u0119sto s\u0142yszysz zwyczajowe \u201ewszystko b\u0119dzie dobrze\u201d, amimo up\u0142ywaj\u0105cego czasu, w Twojej opinii nic si\u0119 nie zmienia.Je\u017celi dra\u017cni Ci\u0119 ci\u0105g\u0142e \u201ewe\u017a si\u0119 w gar\u015b\u0107\u201d ze strony bliskich, to podj\u0119cie Psychoterapii Indywidualnejmo\u017ce by\u0107 dla Ciebie najlepszym rozwi\u0105zaniem.Psychoterapia Indywidualna skupia si\u0119 na rozwijaniu coraz lepszych umiej\u0119tno\u015bci radzenia sobie wsytuacjach trudnych i kryzysowych, &hellip; <\/p>\n","protected":false},"author":1,"featured_media":0,"parent":0,"menu_order":0,"comment_status":"closed","ping_status":"closed","template":"","meta":{"ngg_post_thumbnail":0,"footnotes":""},"class_list":["post-12","page","type-page","status-publish","hentry","grid-sizer"],"_links":{"self":[{"href":"https:\/\/www.terapeutka.org\/index.php\/wp-json\/wp\/v2\/pages\/12","targetHints":{"allow":["GET"]}}],"collection":[{"href":"https:\/\/www.terapeutka.org\/index.php\/wp-json\/wp\/v2\/pages"}],"about":[{"href":"https:\/\/www.terapeutka.org\/index.php\/wp-json\/wp\/v2\/types\/page"}],"author":[{"embeddable":true,"href":"https:\/\/www.terapeutka.org\/index.php\/wp-json\/wp\/v2\/users\/1"}],"replies":[{"embeddable":true,"href":"https:\/\/www.terapeutka.org\/index.php\/wp-json\/wp\/v2\/comments?post=12"}],"version-history":[{"count":2,"href":"https:\/\/www.terapeutka.org\/index.php\/wp-json\/wp\/v2\/pages\/12\/revisions"}],"predecessor-version":[{"id":70,"href":"https:\/\/www.terapeutka.org\/index.php\/wp-json\/wp\/v2\/pages\/12\/revisions\/70"}],"wp:attachment":[{"href":"https:\/\/www.terapeutka.org\/index.php\/wp-json\/wp\/v2\/media?parent=12"}],"curies":[{"name":"wp","href":"https:\/\/api.w.org\/{rel}","templated":true}]}}