{"id":267,"date":"2025-09-09T20:11:22","date_gmt":"2025-09-09T20:11:22","guid":{"rendered":"https:\/\/www.terapeutka.org\/?page_id=267"},"modified":"2025-09-10T10:50:54","modified_gmt":"2025-09-10T10:50:54","slug":"leczenie-uzaleznien","status":"publish","type":"page","link":"https:\/\/www.terapeutka.org\/index.php\/leczenie-uzaleznien\/","title":{"rendered":"Leczenie uzale\u017cnie\u0144"},"content":{"rendered":"\n<div class=\"wp-block-media-text is-stacked-on-mobile\" style=\"grid-template-columns:32% auto\"><figure class=\"wp-block-media-text__media\"><img loading=\"lazy\" decoding=\"async\" width=\"750\" height=\"600\" src=\"https:\/\/www.terapeutka.org\/wp-content\/uploads\/2023\/10\/psycho2.jpg\" alt=\"\" class=\"wp-image-163 size-full\" srcset=\"https:\/\/www.terapeutka.org\/wp-content\/uploads\/2023\/10\/psycho2.jpg 750w, https:\/\/www.terapeutka.org\/wp-content\/uploads\/2023\/10\/psycho2-300x240.jpg 300w, https:\/\/www.terapeutka.org\/wp-content\/uploads\/2023\/10\/psycho2-75x60.jpg 75w\" sizes=\"auto, (max-width: 750px) 100vw, 750px\" \/><\/figure><div class=\"wp-block-media-text__content\">\n<p>Uzale\u017cnienie jest powa\u017cnym zaburzeniem, kt\u00f3re ma ogromnie negatywny wp\u0142yw na \u017cycie cz\u0142owieka i zdecydowanie pogarsza jego jako\u015b\u0107 oraz funkcjonowanie w \u017cyciu rodzinnym, spo\u0142ecznym i zawodowym. <strong>Jest to choroba przewlek\u0142a<\/strong>, kt\u00f3ra mo\u017ce prowadzi\u0107 w efekcie braku fachowej pomocy specjalisty, do \u015bmierci. <strong>Nie ma idealnej metody, magicznej pigu\u0142ki<\/strong> ani cudownej mocy, kt\u00f3ra pomog\u0142aby ka\u017cdemu, bez wyj\u0105tku, wyj\u015b\u0107 z uzale\u017cnienia. Indywidualne spotkania ze specjalist\u0105 leczenia uzale\u017cnie\u0144, mog\u0105 okaza\u0107 si\u0119 kluczowym elementem zdrowienia. Terapia uzale\u017cnie\u0144 jest procesem d\u0142ugotrwa\u0142ym i wymagaj\u0105cym samodyscypliny oraz zaanga\u017cowania.<\/p>\n<\/div><\/div>\n\n\n\n<blockquote class=\"wp-block-quote is-layout-flow wp-block-quote-is-layout-flow\">\n<p style=\"font-style:italic;font-weight:700\"><strong>\u201eNie ma nic bardziej pot\u0119\u017cnego ni\u017c decyzja o zmianie&#8221;<\/strong><br><strong>Viktor Frankl (Austriacki neurolog i psychiatra)<\/strong><\/p>\n<\/blockquote>\n\n\n\n<div class=\"wp-block-media-text is-stacked-on-mobile\" style=\"grid-template-columns:32% auto\"><figure class=\"wp-block-media-text__media\"><img loading=\"lazy\" decoding=\"async\" width=\"526\" height=\"285\" src=\"http:\/\/www.terapeutka.org\/wp-content\/uploads\/2023\/10\/pic1.png\" alt=\"\" class=\"wp-image-158 size-full\" srcset=\"https:\/\/www.terapeutka.org\/wp-content\/uploads\/2023\/10\/pic1.png 526w, https:\/\/www.terapeutka.org\/wp-content\/uploads\/2023\/10\/pic1-300x163.png 300w, https:\/\/www.terapeutka.org\/wp-content\/uploads\/2023\/10\/pic1-111x60.png 111w\" sizes=\"auto, (max-width: 526px) 100vw, 526px\" \/><\/figure><div class=\"wp-block-media-text__content\">\n<p>Leczenie uzale\u017cnie\u0144 opiera si\u0119 na kluczowych elementach, kt\u00f3re mog\u0105 si\u0119 r\u00f3\u017cni\u0107 w zale\u017cno\u015bci od rodzaju uzale\u017cnienia, ale og\u00f3lne zasady pozostaj\u0105 podobne. Terapia uzale\u017cnie\u0144 skupia si\u0119 w pierwszym kroku na zrozumieniu stopnia uzale\u017cnienia i zwi\u0105zanych z nim problem\u00f3w jednostki. <strong>Bardzo wa\u017cne jest zbudowanie motywacji do zmiany.<\/strong><\/p>\n<\/div><\/div>\n","protected":false},"excerpt":{"rendered":"<p>Uzale\u017cnienie jest powa\u017cnym zaburzeniem, kt\u00f3re ma ogromnie negatywny wp\u0142yw na \u017cycie cz\u0142owieka i zdecydowanie pogarsza jego jako\u015b\u0107 oraz funkcjonowanie w \u017cyciu rodzinnym, spo\u0142ecznym i zawodowym. Jest to choroba przewlek\u0142a, kt\u00f3ra mo\u017ce prowadzi\u0107 w efekcie braku fachowej pomocy specjalisty, do \u015bmierci. Nie ma idealnej metody, magicznej pigu\u0142ki ani cudownej mocy, kt\u00f3ra pomog\u0142aby ka\u017cdemu, bez wyj\u0105tku, wyj\u015b\u0107 &hellip; <\/p>\n","protected":false},"author":1,"featured_media":0,"parent":0,"menu_order":0,"comment_status":"closed","ping_status":"closed","template":"","meta":{"ngg_post_thumbnail":0,"footnotes":""},"class_list":["post-267","page","type-page","status-publish","hentry","grid-sizer"],"_links":{"self":[{"href":"https:\/\/www.terapeutka.org\/index.php\/wp-json\/wp\/v2\/pages\/267","targetHints":{"allow":["GET"]}}],"collection":[{"href":"https:\/\/www.terapeutka.org\/index.php\/wp-json\/wp\/v2\/pages"}],"about":[{"href":"https:\/\/www.terapeutka.org\/index.php\/wp-json\/wp\/v2\/types\/page"}],"author":[{"embeddable":true,"href":"https:\/\/www.terapeutka.org\/index.php\/wp-json\/wp\/v2\/users\/1"}],"replies":[{"embeddable":true,"href":"https:\/\/www.terapeutka.org\/index.php\/wp-json\/wp\/v2\/comments?post=267"}],"version-history":[{"count":16,"href":"https:\/\/www.terapeutka.org\/index.php\/wp-json\/wp\/v2\/pages\/267\/revisions"}],"predecessor-version":[{"id":327,"href":"https:\/\/www.terapeutka.org\/index.php\/wp-json\/wp\/v2\/pages\/267\/revisions\/327"}],"wp:attachment":[{"href":"https:\/\/www.terapeutka.org\/index.php\/wp-json\/wp\/v2\/media?parent=267"}],"curies":[{"name":"wp","href":"https:\/\/api.w.org\/{rel}","templated":true}]}}