{"id":270,"date":"2025-09-09T20:13:59","date_gmt":"2025-09-09T20:13:59","guid":{"rendered":"https:\/\/www.terapeutka.org\/?page_id=270"},"modified":"2025-09-11T13:36:59","modified_gmt":"2025-09-11T13:36:59","slug":"o-psychoterapii","status":"publish","type":"page","link":"https:\/\/www.terapeutka.org\/index.php\/o-psychoterapii\/","title":{"rendered":"O psychoterapii"},"content":{"rendered":"\n<div class=\"wp-block-media-text is-stacked-on-mobile\" style=\"grid-template-columns:31% auto\"><figure class=\"wp-block-media-text__media\"><img loading=\"lazy\" decoding=\"async\" width=\"600\" height=\"411\" src=\"http:\/\/www.terapeutka.org\/wp-content\/uploads\/2023\/10\/psycho.jpg\" alt=\"\" class=\"wp-image-161 size-full\" srcset=\"https:\/\/www.terapeutka.org\/wp-content\/uploads\/2023\/10\/psycho.jpg 600w, https:\/\/www.terapeutka.org\/wp-content\/uploads\/2023\/10\/psycho-300x206.jpg 300w, https:\/\/www.terapeutka.org\/wp-content\/uploads\/2023\/10\/psycho-88x60.jpg 88w\" sizes=\"auto, (max-width: 600px) 100vw, 600px\" \/><\/figure><div class=\"wp-block-media-text__content\">\n<p>Je\u015bli w Twoim najbli\u017cszym otoczeniu zbyt cz\u0119sto s\u0142yszysz zwyczajowe <strong>\u201ewszystko b\u0119dzie dobrze\u201d<\/strong>, a mimo up\u0142ywaj\u0105cego czasu, w Twojej opinii nic si\u0119 nie zmienia.<\/p>\n\n\n\n<p>Je\u017celi dra\u017cni Ci\u0119 ci\u0105g\u0142e <strong>\u201ewe\u017a si\u0119 w gar\u015b\u0107\u201d<\/strong> ze strony bliskich, to podj\u0119cie Psychoterapii Indywidualnej mo\u017ce by\u0107 dla Ciebie najlepszym rozwi\u0105zaniem.<\/p>\n<\/div><\/div>\n\n\n\n<div class=\"wp-block-media-text is-stacked-on-mobile\" style=\"grid-template-columns:31% auto\"><figure class=\"wp-block-media-text__media\"><\/figure><div class=\"wp-block-media-text__content\">\n<p>Psychoterapia indywidualna skupia si\u0119 na rozwijaniu umiej\u0119tno\u015bci radzenia sobie w sytuacjach trudnych i kryzysowych, <strong>rozwi\u0105zywaniu problem\u00f3w<\/strong> w \u017cyciu prywatnym i zawodowym, a przede wszystkim, na lepszym i g\u0142\u0119bszym <strong>poznawaniu samego siebie<\/strong> i rozeznawaniu si\u0119 w tym, co tak naprawd\u0119 czyni ci\u0119 szcz\u0119\u015bliwym.<\/p>\n<\/div><\/div>\n\n\n\n<blockquote class=\"wp-block-quote is-layout-flow wp-block-quote-is-layout-flow\">\n<p style=\"font-size:24px\"><em><strong>\u201eZawsze masz mo\u017cno\u015b\u0107 \u017cy\u0107 szcz\u0119\u015bliwie, je\u015bli p\u00f3jdziesz dobr\u0105 drog\u0105\u2026\u201d<\/strong> <\/em><br><em><strong>Marek Aureliusz (W\u0142oski pisarz, filozof, cesarz)<\/strong><\/em><\/p>\n<\/blockquote>\n\n\n\n<div class=\"wp-block-media-text is-stacked-on-mobile\" style=\"grid-template-columns:31% auto\"><figure class=\"wp-block-media-text__media\"><\/figure><div class=\"wp-block-media-text__content\">\n<p>Najog\u00f3lniej rzecz ujmuj\u0105c, <strong>psychoterapia to forma wsparcia psychologicznego<\/strong>. Proces terapeutyczny jest <strong>struktur\u0105, w kt\u00f3rej terapeuta i pacjent wsp\u00f3\u0142pracuj\u0105<\/strong>, aby zrozumie\u0107 problemy pacjenta, eksplorowa\u0107 ich \u017ar\u00f3d\u0142a oraz wprowadza\u0107 zmiany w my\u015bleniu i zachowaniu, a co za tym idzie \u2014 <strong>uzyska\u0107 trwa\u0142\u0105 popraw\u0119 funkcjonowania i jako\u015bci \u017cycia<\/strong>.<\/p>\n<\/div><\/div>\n","protected":false},"excerpt":{"rendered":"<p>Je\u015bli w Twoim najbli\u017cszym otoczeniu zbyt cz\u0119sto s\u0142yszysz zwyczajowe \u201ewszystko b\u0119dzie dobrze\u201d, a mimo up\u0142ywaj\u0105cego czasu, w Twojej opinii nic si\u0119 nie zmienia. Je\u017celi dra\u017cni Ci\u0119 ci\u0105g\u0142e \u201ewe\u017a si\u0119 w gar\u015b\u0107\u201d ze strony bliskich, to podj\u0119cie Psychoterapii Indywidualnej mo\u017ce by\u0107 dla Ciebie najlepszym rozwi\u0105zaniem. Psychoterapia indywidualna skupia si\u0119 na rozwijaniu umiej\u0119tno\u015bci radzenia sobie w sytuacjach &hellip; <\/p>\n","protected":false},"author":1,"featured_media":0,"parent":0,"menu_order":0,"comment_status":"closed","ping_status":"closed","template":"","meta":{"ngg_post_thumbnail":0,"footnotes":""},"class_list":["post-270","page","type-page","status-publish","hentry","grid-sizer"],"_links":{"self":[{"href":"https:\/\/www.terapeutka.org\/index.php\/wp-json\/wp\/v2\/pages\/270","targetHints":{"allow":["GET"]}}],"collection":[{"href":"https:\/\/www.terapeutka.org\/index.php\/wp-json\/wp\/v2\/pages"}],"about":[{"href":"https:\/\/www.terapeutka.org\/index.php\/wp-json\/wp\/v2\/types\/page"}],"author":[{"embeddable":true,"href":"https:\/\/www.terapeutka.org\/index.php\/wp-json\/wp\/v2\/users\/1"}],"replies":[{"embeddable":true,"href":"https:\/\/www.terapeutka.org\/index.php\/wp-json\/wp\/v2\/comments?post=270"}],"version-history":[{"count":11,"href":"https:\/\/www.terapeutka.org\/index.php\/wp-json\/wp\/v2\/pages\/270\/revisions"}],"predecessor-version":[{"id":337,"href":"https:\/\/www.terapeutka.org\/index.php\/wp-json\/wp\/v2\/pages\/270\/revisions\/337"}],"wp:attachment":[{"href":"https:\/\/www.terapeutka.org\/index.php\/wp-json\/wp\/v2\/media?parent=270"}],"curies":[{"name":"wp","href":"https:\/\/api.w.org\/{rel}","templated":true}]}}