{"id":290,"date":"2025-09-10T10:10:01","date_gmt":"2025-09-10T10:10:01","guid":{"rendered":"https:\/\/www.terapeutka.org\/?page_id=290"},"modified":"2025-10-07T09:34:48","modified_gmt":"2025-10-07T09:34:48","slug":"o-mnie","status":"publish","type":"page","link":"https:\/\/www.terapeutka.org\/index.php\/o-mnie\/","title":{"rendered":"O mnie"},"content":{"rendered":"\n<div class=\"wp-block-media-text is-stacked-on-mobile\" style=\"grid-template-columns:31% auto\"><figure class=\"wp-block-media-text__media\"><img loading=\"lazy\" decoding=\"async\" width=\"608\" height=\"612\" src=\"https:\/\/www.terapeutka.org\/wp-content\/uploads\/2025\/09\/Logo2-PNG-HI-transparent-v2.png\" alt=\"\" class=\"wp-image-298 size-full\" srcset=\"https:\/\/www.terapeutka.org\/wp-content\/uploads\/2025\/09\/Logo2-PNG-HI-transparent-v2.png 608w, https:\/\/www.terapeutka.org\/wp-content\/uploads\/2025\/09\/Logo2-PNG-HI-transparent-v2-298x300.png 298w, https:\/\/www.terapeutka.org\/wp-content\/uploads\/2025\/09\/Logo2-PNG-HI-transparent-v2-150x150.png 150w\" sizes=\"auto, (max-width: 608px) 100vw, 608px\" \/><\/figure><div class=\"wp-block-media-text__content\">\n<p><\/p>\n\n\n\n<p><strong>Certyfikowana Specjalistka Leczenia Uzale\u017cnie\u0144<\/strong><\/p>\n\n\n\n<ul class=\"wp-block-list\">\n<li>Leczenie uzale\u017cnie\u0144 doros\u0142ych<\/li>\n\n\n\n<li>Profilaktyka uzale\u017cnie\u0144 dzieci i m\u0142odzie\u017cy<\/li>\n\n\n\n<li>Obserwacje po utracie prawa jazdy dla WOMP ds. kierowc\u00f3w<\/li>\n<\/ul>\n\n\n\n<p><\/p>\n<\/div><\/div>\n\n\n\n<div class=\"wp-block-media-text is-stacked-on-mobile\" style=\"grid-template-columns:31% auto\"><figure class=\"wp-block-media-text__media\"><\/figure><div class=\"wp-block-media-text__content\">\n<p><strong>Psychoterapeutka Zdrowia Psychicznego<\/strong><\/p>\n\n\n\n<ul class=\"wp-block-list\">\n<li>Terapia indywidualna<\/li>\n\n\n\n<li>Terapia par<\/li>\n\n\n\n<li>Depresja<\/li>\n\n\n\n<li>Kryzys<\/li>\n\n\n\n<li>L\u0119k<\/li>\n\n\n\n<li>Fobia spo\u0142eczna<\/li>\n<\/ul>\n\n\n\n<p><\/p>\n<\/div><\/div>\n\n\n\n<div style=\"height:100px\" aria-hidden=\"true\" class=\"wp-block-spacer\"><\/div>\n\n\n\n<div class=\"wp-block-media-text is-stacked-on-mobile\" style=\"grid-template-columns:31% auto\"><figure class=\"wp-block-media-text__media\"><\/figure><div class=\"wp-block-media-text__content\">\n<p><strong>Osi\u0105gni\u0119cia i Aktywno\u015b\u0107 Spo\u0142eczna<\/strong><\/p>\n\n\n\n<p><\/p>\n\n\n\n<ul class=\"wp-block-list\">\n<li>Jestem wieloletnim cz\u0142onkiem POLSKIEGO TOWARZYSTWA PSYCHIATRYCZNEGO (PTP) <\/li>\n\n\n\n<li>Jestem laureatk\u0105 Plebiscytu OR\u0141Y \ud83e\udd85 MEDYCYNY 2024 oraz 2025<\/li>\n\n\n\n<li>M\u00f3j gabinet otrzyma\u0142 status Z\u0141OTEJ FIRMY 2025<\/li>\n\n\n\n<li>Ka\u017cdego roku wspieram WO\u015aP<\/li>\n\n\n\n<li>Udzielam wsparcia z zami\u0142owania osobom z problemami zdrowia psychicznego w Klubie Pacjenta ze schizofreni\u0105 oraz pensjonariuszom Dom\u00f3w Pomocy Spo\u0142ecznej (DPS)<\/li>\n<\/ul>\n\n\n\n<p><\/p>\n<\/div><\/div>\n\n\n\n<div class=\"wp-block-media-text is-stacked-on-mobile\" style=\"grid-template-columns:31% auto\"><figure class=\"wp-block-media-text__media\"><\/figure><div class=\"wp-block-media-text__content\">\n<p><\/p>\n\n\n\n<figure class=\"wp-block-image size-large\"><img loading=\"lazy\" decoding=\"async\" width=\"1024\" height=\"113\" src=\"http:\/\/www.terapeutka.org\/wp-content\/uploads\/2025\/09\/logotypy_pasek2-1024x113.png\" alt=\"\" class=\"wp-image-352\" srcset=\"https:\/\/www.terapeutka.org\/wp-content\/uploads\/2025\/09\/logotypy_pasek2-1024x113.png 1024w, https:\/\/www.terapeutka.org\/wp-content\/uploads\/2025\/09\/logotypy_pasek2-300x33.png 300w, https:\/\/www.terapeutka.org\/wp-content\/uploads\/2025\/09\/logotypy_pasek2-768x84.png 768w, https:\/\/www.terapeutka.org\/wp-content\/uploads\/2025\/09\/logotypy_pasek2-1536x169.png 1536w, https:\/\/www.terapeutka.org\/wp-content\/uploads\/2025\/09\/logotypy_pasek2.png 2047w\" sizes=\"auto, (max-width: 1024px) 100vw, 1024px\" \/><\/figure>\n<\/div><\/div>\n","protected":false},"excerpt":{"rendered":"","protected":false},"author":1,"featured_media":0,"parent":0,"menu_order":0,"comment_status":"closed","ping_status":"closed","template":"","meta":{"ngg_post_thumbnail":0,"footnotes":""},"class_list":["post-290","page","type-page","status-publish","hentry","grid-sizer"],"_links":{"self":[{"href":"https:\/\/www.terapeutka.org\/index.php\/wp-json\/wp\/v2\/pages\/290","targetHints":{"allow":["GET"]}}],"collection":[{"href":"https:\/\/www.terapeutka.org\/index.php\/wp-json\/wp\/v2\/pages"}],"about":[{"href":"https:\/\/www.terapeutka.org\/index.php\/wp-json\/wp\/v2\/types\/page"}],"author":[{"embeddable":true,"href":"https:\/\/www.terapeutka.org\/index.php\/wp-json\/wp\/v2\/users\/1"}],"replies":[{"embeddable":true,"href":"https:\/\/www.terapeutka.org\/index.php\/wp-json\/wp\/v2\/comments?post=290"}],"version-history":[{"count":17,"href":"https:\/\/www.terapeutka.org\/index.php\/wp-json\/wp\/v2\/pages\/290\/revisions"}],"predecessor-version":[{"id":356,"href":"https:\/\/www.terapeutka.org\/index.php\/wp-json\/wp\/v2\/pages\/290\/revisions\/356"}],"wp:attachment":[{"href":"https:\/\/www.terapeutka.org\/index.php\/wp-json\/wp\/v2\/media?parent=290"}],"curies":[{"name":"wp","href":"https:\/\/api.w.org\/{rel}","templated":true}]}}