{"id":358,"date":"2025-10-28T16:29:22","date_gmt":"2025-10-28T16:29:22","guid":{"rendered":"https:\/\/www.terapeutka.org\/?page_id=358"},"modified":"2025-10-28T17:20:43","modified_gmt":"2025-10-28T17:20:43","slug":"podziekowania-i-inspiracje","status":"publish","type":"page","link":"https:\/\/www.terapeutka.org\/index.php\/podziekowania-i-inspiracje\/","title":{"rendered":"Podzi\u0119kowania i inspiracje"},"content":{"rendered":"\n<p>Najwi\u0119ksz\u0105 inspiracj\u0105 w mojej codziennej pracy s\u0105 ludzie sami w sobie, ich historie oraz \u017cyciowa i naukowa wiedza. Moim credo jest to, i\u017c od ka\u017cdego cz\u0142owieka mog\u0119 si\u0119 czego\u015b nauczy\u0107. Moj\u0105 codzienn\u0105 prac\u0119 opieram na pomocy w odnalezieniu moim pacjentom sensu Ich \u017cycia &#8211; to najistotniejszy cel biznesowy jaki sobie obra\u0142am.<\/p>\n\n\n\nngg_shortcode_0_placeholder\n","protected":false},"excerpt":{"rendered":"<p>Najwi\u0119ksz\u0105 inspiracj\u0105 w mojej codziennej pracy s\u0105 ludzie sami w sobie, ich historie oraz \u017cyciowa i naukowa wiedza. Moim credo jest to, i\u017c od ka\u017cdego cz\u0142owieka mog\u0119 si\u0119 czego\u015b nauczy\u0107. Moj\u0105 codzienn\u0105 prac\u0119 opieram na pomocy w odnalezieniu moim pacjentom sensu Ich \u017cycia &#8211; to najistotniejszy cel biznesowy jaki sobie obra\u0142am.<\/p>\n","protected":false},"author":1,"featured_media":0,"parent":0,"menu_order":0,"comment_status":"closed","ping_status":"closed","template":"","meta":{"ngg_post_thumbnail":0,"footnotes":""},"class_list":["post-358","page","type-page","status-publish","hentry","grid-sizer"],"_links":{"self":[{"href":"https:\/\/www.terapeutka.org\/index.php\/wp-json\/wp\/v2\/pages\/358","targetHints":{"allow":["GET"]}}],"collection":[{"href":"https:\/\/www.terapeutka.org\/index.php\/wp-json\/wp\/v2\/pages"}],"about":[{"href":"https:\/\/www.terapeutka.org\/index.php\/wp-json\/wp\/v2\/types\/page"}],"author":[{"embeddable":true,"href":"https:\/\/www.terapeutka.org\/index.php\/wp-json\/wp\/v2\/users\/1"}],"replies":[{"embeddable":true,"href":"https:\/\/www.terapeutka.org\/index.php\/wp-json\/wp\/v2\/comments?post=358"}],"version-history":[{"count":10,"href":"https:\/\/www.terapeutka.org\/index.php\/wp-json\/wp\/v2\/pages\/358\/revisions"}],"predecessor-version":[{"id":389,"href":"https:\/\/www.terapeutka.org\/index.php\/wp-json\/wp\/v2\/pages\/358\/revisions\/389"}],"wp:attachment":[{"href":"https:\/\/www.terapeutka.org\/index.php\/wp-json\/wp\/v2\/media?parent=358"}],"curies":[{"name":"wp","href":"https:\/\/api.w.org\/{rel}","templated":true}]}}